{"id":314,"date":"2025-05-02T15:36:49","date_gmt":"2025-05-02T13:36:49","guid":{"rendered":"https:\/\/psy-autun.com\/?page_id=314"},"modified":"2025-08-09T13:07:36","modified_gmt":"2025-08-09T11:07:36","slug":"enfants","status":"publish","type":"page","link":"https:\/\/psy-autun.com\/index.php\/enfants\/","title":{"rendered":"Enfants"},"content":{"rendered":"\t\t<div data-elementor-type=\"wp-page\" data-elementor-id=\"314\" class=\"elementor elementor-314\" data-elementor-post-type=\"page\">\n\t\t\t\t<div class=\"elementor-element elementor-element-07a0792 e-con-full e-flex e-con e-parent\" data-id=\"07a0792\" data-element_type=\"container\" data-e-type=\"container\" data-settings=\"{&quot;background_background&quot;:&quot;gradient&quot;,&quot;shape_divider_bottom&quot;:&quot;waves&quot;}\">\n\t\t\t\t<div class=\"elementor-shape elementor-shape-bottom\" aria-hidden=\"true\" data-negative=\"false\">\n\t\t\t<svg xmlns=\"http:\/\/www.w3.org\/2000\/svg\" viewBox=\"0 0 1000 100\" preserveAspectRatio=\"none\">\n\t<path class=\"elementor-shape-fill\" d=\"M421.9,6.5c22.6-2.5,51.5,0.4,75.5,5.3c23.6,4.9,70.9,23.5,100.5,35.7c75.8,32.2,133.7,44.5,192.6,49.7\n\tc23.6,2.1,48.7,3.5,103.4-2.5c54.7-6,106.2-25.6,106.2-25.6V0H0v30.3c0,0,72,32.6,158.4,30.5c39.2-0.7,92.8-6.7,134-22.4\n\tc21.2-8.1,52.2-18.2,79.7-24.2C399.3,7.9,411.6,7.5,421.9,6.5z\"\/>\n<\/svg>\t\t<\/div>\n\t\t<div class=\"elementor-element elementor-element-6ad54e8 e-con-full e-flex elementor-invisible e-con e-child\" data-id=\"6ad54e8\" data-element_type=\"container\" data-e-type=\"container\" data-settings=\"{&quot;animation&quot;:&quot;fadeIn&quot;}\">\n\t\t\t\t<div class=\"elementor-element elementor-element-3ed50aa elementor-widget__width-inherit elementor-widget elementor-widget-heading\" data-id=\"3ed50aa\" data-element_type=\"widget\" data-e-type=\"widget\" data-widget_type=\"heading.default\">\n\t\t\t\t<div class=\"elementor-widget-container\">\n\t\t\t\t\t<h1 class=\"elementor-heading-title elementor-size-default\">Enfants<\/h1>\t\t\t\t<\/div>\n\t\t\t\t<\/div>\n\t\t\t\t<div class=\"elementor-element elementor-element-35bd7ac elementor-widget elementor-widget-heading\" data-id=\"35bd7ac\" data-element_type=\"widget\" data-e-type=\"widget\" data-widget_type=\"heading.default\">\n\t\t\t\t<div class=\"elementor-widget-container\">\n\t\t\t\t\t<h2 class=\"elementor-heading-title elementor-size-xl\">Th\u00e9rapie par le jeu<\/h2>\t\t\t\t<\/div>\n\t\t\t\t<\/div>\n\t\t\t\t<\/div>\n\t\t<div class=\"elementor-element elementor-element-41b6329 e-con-full e-flex e-con e-child\" data-id=\"41b6329\" data-element_type=\"container\" data-e-type=\"container\">\n\t\t\t\t<div class=\"elementor-element elementor-element-cbb3f77 elementor-widget elementor-widget-image\" data-id=\"cbb3f77\" data-element_type=\"widget\" data-e-type=\"widget\" data-widget_type=\"image.default\">\n\t\t\t\t<div class=\"elementor-widget-container\">\n\t\t\t\t\t\t\t\t\t\t\t\t\t\t\t<img fetchpriority=\"high\" decoding=\"async\" width=\"800\" height=\"525\" src=\"https:\/\/psy-autun.com\/wp-content\/uploads\/2025\/05\/petite-fille.webp\" class=\"attachment-large size-large wp-image-75\" alt=\"\" srcset=\"https:\/\/psy-autun.com\/wp-content\/uploads\/2025\/05\/petite-fille.webp 948w, https:\/\/psy-autun.com\/wp-content\/uploads\/2025\/05\/petite-fille-300x197.webp 300w, https:\/\/psy-autun.com\/wp-content\/uploads\/2025\/05\/petite-fille-768x504.webp 768w\" sizes=\"(max-width: 800px) 100vw, 800px\" \/>\t\t\t\t\t\t\t\t\t\t\t\t\t\t\t<\/div>\n\t\t\t\t<\/div>\n\t\t\t\t<\/div>\n\t\t\t\t<\/div>\n\t\t<div class=\"elementor-element elementor-element-016147b e-flex e-con-boxed e-con e-parent\" data-id=\"016147b\" data-element_type=\"container\" data-e-type=\"container\">\n\t\t\t\t\t<div class=\"e-con-inner\">\n\t\t<div class=\"elementor-element elementor-element-89cc159 e-con-full e-flex e-con e-child\" data-id=\"89cc159\" data-element_type=\"container\" data-e-type=\"container\">\n\t\t<div class=\"elementor-element elementor-element-fd96f86 e-con-full e-flex e-con e-child\" data-id=\"fd96f86\" data-element_type=\"container\" data-e-type=\"container\">\n\t\t\t\t<div class=\"elementor-element elementor-element-a0da89a elementor-widget__width-auto elementor-absolute elementor-view-default elementor-invisible elementor-widget elementor-widget-icon\" data-id=\"a0da89a\" data-element_type=\"widget\" data-e-type=\"widget\" data-settings=\"{&quot;_animation&quot;:&quot;rubberBand&quot;,&quot;_position&quot;:&quot;absolute&quot;}\" data-widget_type=\"icon.default\">\n\t\t\t\t<div class=\"elementor-widget-container\">\n\t\t\t\t\t\t\t<div class=\"elementor-icon-wrapper\">\n\t\t\t<div class=\"elementor-icon\">\n\t\t\t<svg aria-hidden=\"true\" class=\"e-font-icon-svg e-fas-bacon\" viewBox=\"0 0 576 512\" xmlns=\"http:\/\/www.w3.org\/2000\/svg\"><path d=\"M218.92 336.39c34.89-34.89 44.2-59.7 54.05-86 10.61-28.29 21.59-57.54 61.37-97.34s69.05-50.77 97.35-61.38c23.88-9 46.64-17.68 76.79-45.37L470.81 8.91a31 31 0 0 0-40.18-2.83c-13.64 10.1-25.15 14.39-41 20.3C247 79.52 209.26 191.29 200.65 214.1c-29.75 78.83-89.55 94.68-98.72 98.09-24.86 9.26-54.73 20.38-91.07 50.36C-3 374-3.63 395 9.07 407.61l35.76 35.51C80 410.52 107 400.15 133 390.39c26.27-9.84 51.06-19.12 85.92-54zm348-232l-35.75-35.51c-35.19 32.63-62.18 43-88.25 52.79-26.26 9.85-51.06 19.16-85.95 54s-44.19 59.69-54 86C292.33 290 281.34 319.22 241.55 359s-69 50.73-97.3 61.32c-23.86 9-46.61 17.66-76.72 45.33l37.68 37.43a31 31 0 0 0 40.18 2.82c13.6-10.06 25.09-14.34 40.94-20.24 142.2-53 180-164.1 188.94-187.69C405 219.18 464.8 203.3 474 199.86c24.87-9.27 54.74-20.4 91.11-50.41 13.89-11.4 14.52-32.45 1.82-45.05z\"><\/path><\/svg>\t\t\t<\/div>\n\t\t<\/div>\n\t\t\t\t\t\t<\/div>\n\t\t\t\t<\/div>\n\t\t\t\t<div class=\"elementor-element elementor-element-6a4dee6 elementor-widget__width-auto elementor-absolute elementor-view-default elementor-invisible elementor-widget elementor-widget-icon\" data-id=\"6a4dee6\" data-element_type=\"widget\" data-e-type=\"widget\" data-settings=\"{&quot;_animation&quot;:&quot;rubberBand&quot;,&quot;_position&quot;:&quot;absolute&quot;}\" data-widget_type=\"icon.default\">\n\t\t\t\t<div class=\"elementor-widget-container\">\n\t\t\t\t\t\t\t<div class=\"elementor-icon-wrapper\">\n\t\t\t<div class=\"elementor-icon\">\n\t\t\t<svg aria-hidden=\"true\" class=\"e-font-icon-svg e-fas-baseball-ball\" viewBox=\"0 0 496 512\" xmlns=\"http:\/\/www.w3.org\/2000\/svg\"><path d=\"M368.5 363.9l28.8-13.9c11.1 22.9 26 43.2 44.1 60.9 34-42.5 54.5-96.3 54.5-154.9 0-58.5-20.4-112.2-54.2-154.6-17.8 17.3-32.6 37.1-43.6 59.5l-28.7-14.1c12.8-26 30-49 50.8-69C375.6 34.7 315 8 248 8 181.1 8 120.5 34.6 75.9 77.7c20.7 19.9 37.9 42.9 50.7 68.8l-28.7 14.1c-11-22.3-25.7-42.1-43.5-59.4C20.4 143.7 0 197.4 0 256c0 58.6 20.4 112.3 54.4 154.7 18.2-17.7 33.2-38 44.3-61l28.8 13.9c-12.9 26.7-30.3 50.3-51.5 70.7 44.5 43.1 105.1 69.7 172 69.7 66.8 0 127.3-26.5 171.9-69.5-21.1-20.4-38.5-43.9-51.4-70.6zm-228.3-32l-30.5-9.8c14.9-46.4 12.7-93.8-.6-134l30.4-10c15 45.6 18 99.9.7 153.8zm216.3-153.4l30.4 10c-13.2 40.1-15.5 87.5-.6 134l-30.5 9.8c-17.3-54-14.3-108.3.7-153.8z\"><\/path><\/svg>\t\t\t<\/div>\n\t\t<\/div>\n\t\t\t\t\t\t<\/div>\n\t\t\t\t<\/div>\n\t\t\t\t<div class=\"elementor-element elementor-element-e7efabf elementor-widget elementor-widget-image\" data-id=\"e7efabf\" data-element_type=\"widget\" data-e-type=\"widget\" data-widget_type=\"image.default\">\n\t\t\t\t<div class=\"elementor-widget-container\">\n\t\t\t\t\t\t\t\t\t\t\t\t\t\t\t<img decoding=\"async\" width=\"800\" height=\"763\" src=\"https:\/\/psy-autun.com\/wp-content\/uploads\/2025\/05\/2-enfants-jeu.webp\" class=\"attachment-large size-large wp-image-330\" alt=\"\" srcset=\"https:\/\/psy-autun.com\/wp-content\/uploads\/2025\/05\/2-enfants-jeu.webp 1024w, https:\/\/psy-autun.com\/wp-content\/uploads\/2025\/05\/2-enfants-jeu-300x286.webp 300w, https:\/\/psy-autun.com\/wp-content\/uploads\/2025\/05\/2-enfants-jeu-768x732.webp 768w\" sizes=\"(max-width: 800px) 100vw, 800px\" \/>\t\t\t\t\t\t\t\t\t\t\t\t\t\t\t<\/div>\n\t\t\t\t<\/div>\n\t\t\t\t<\/div>\n\t\t<div class=\"elementor-element elementor-element-100156d e-con-full e-flex e-con e-child\" data-id=\"100156d\" data-element_type=\"container\" data-e-type=\"container\">\n\t\t\t\t<div class=\"elementor-element elementor-element-b819997 elementor-widget__width-auto elementor-widget elementor-widget-heading\" data-id=\"b819997\" data-element_type=\"widget\" data-e-type=\"widget\" data-widget_type=\"heading.default\">\n\t\t\t\t<div class=\"elementor-widget-container\">\n\t\t\t\t\t<h3 class=\"elementor-heading-title elementor-size-medium\"><a href=\"#\">La th\u00e9rapie par le jeu<\/a><\/h3>\t\t\t\t<\/div>\n\t\t\t\t<\/div>\n\t\t\t\t<div class=\"elementor-element elementor-element-3a40032 elementor-widget elementor-widget-heading\" data-id=\"3a40032\" data-element_type=\"widget\" data-e-type=\"widget\" data-widget_type=\"heading.default\">\n\t\t\t\t<div class=\"elementor-widget-container\">\n\t\t\t\t\t<h2 class=\"elementor-heading-title elementor-size-xl\">L'enfant s'exprime en jouant<\/h2>\t\t\t\t<\/div>\n\t\t\t\t<\/div>\n\t\t\t\t<div class=\"elementor-element elementor-element-8f71e41 elementor-widget__width-initial elementor-widget elementor-widget-text-editor\" data-id=\"8f71e41\" data-element_type=\"widget\" data-e-type=\"widget\" data-widget_type=\"text-editor.default\">\n\t\t\t\t<div class=\"elementor-widget-container\">\n\t\t\t\t\t\t\t\t\t<p>Le jeu est le mode de communication de l\u2019enfant. La psychoth\u00e9rapie par le jeu permet de se mettre en relation avec l\u2019enfant, de comprendre son monde et de lui signifier. L\u2019enfant, en se sentant compris et accept\u00e9, au sein d\u2019une relation de confiance, va pouvoir faire de nouvelles exp\u00e9riences de lui-m\u00eame. L\u2019enfant peut alors int\u00e9grer des \u00e9lements d\u2019exp\u00e9riences difficiles, se r\u00e9organiser, d\u00e9velopper une meilleure estime de lui-m\u00eame et reprendre sa croissance. Les sympt\u00f4mes de mal-\u00eatre sont de moins en moins prononc\u00e9s au fur et \u00e0 mesure de l\u2019avanc\u00e9e du processus de la th\u00e9rapie. Des changements commencent \u00e0 se percevoir, l\u2019enfant a plus confiance en lui, il gagne en autonomie, il est plus pr\u00e9sent \u00e0 lui-m\u00eame et \u00e0 son environnement. Il recommence \u00e0 grandir.<\/p>\t\t\t\t\t\t\t\t<\/div>\n\t\t\t\t<\/div>\n\t\t\t\t<div class=\"elementor-element elementor-element-6b1047b elementor-widget__width-auto elementor-widget elementor-widget-heading\" data-id=\"6b1047b\" data-element_type=\"widget\" data-e-type=\"widget\" data-widget_type=\"heading.default\">\n\t\t\t\t<div class=\"elementor-widget-container\">\n\t\t\t\t\t<h3 class=\"elementor-heading-title elementor-size-medium\"><a href=\"#\">La psychoth\u00e9rapie par le jeu s\u2019adresse aux enfants de 3 \u00e0 12 ans. Je ne peux pas pour le moment recevoir des enfants, car mon cabinet actuel n'est pas configur\u00e9 pour. Disponible prochainement.<\/a><\/h3>\t\t\t\t<\/div>\n\t\t\t\t<\/div>\n\t\t\t\t<\/div>\n\t\t\t\t<\/div>\n\t\t\t\t\t<\/div>\n\t\t\t\t<\/div>\n\t\t\t\t<\/div>\n\t\t","protected":false},"excerpt":{"rendered":"<p>Enfants Th\u00e9rapie par le jeu La th\u00e9rapie par le jeu L&#8217;enfant s&#8217;exprime en jouant Le jeu est le mode de communication de l\u2019enfant. La psychoth\u00e9rapie par le jeu permet de se mettre en relation avec l\u2019enfant, de comprendre son monde et de lui signifier. L\u2019enfant, en se sentant compris et accept\u00e9, au sein d\u2019une relation [&hellip;]<\/p>\n","protected":false},"author":1,"featured_media":0,"parent":0,"menu_order":0,"comment_status":"closed","ping_status":"closed","template":"","meta":{"footnotes":""},"class_list":["post-314","page","type-page","status-publish","hentry"],"_links":{"self":[{"href":"https:\/\/psy-autun.com\/index.php\/wp-json\/wp\/v2\/pages\/314","targetHints":{"allow":["GET"]}}],"collection":[{"href":"https:\/\/psy-autun.com\/index.php\/wp-json\/wp\/v2\/pages"}],"about":[{"href":"https:\/\/psy-autun.com\/index.php\/wp-json\/wp\/v2\/types\/page"}],"author":[{"embeddable":true,"href":"https:\/\/psy-autun.com\/index.php\/wp-json\/wp\/v2\/users\/1"}],"replies":[{"embeddable":true,"href":"https:\/\/psy-autun.com\/index.php\/wp-json\/wp\/v2\/comments?post=314"}],"version-history":[{"count":61,"href":"https:\/\/psy-autun.com\/index.php\/wp-json\/wp\/v2\/pages\/314\/revisions"}],"predecessor-version":[{"id":747,"href":"https:\/\/psy-autun.com\/index.php\/wp-json\/wp\/v2\/pages\/314\/revisions\/747"}],"wp:attachment":[{"href":"https:\/\/psy-autun.com\/index.php\/wp-json\/wp\/v2\/media?parent=314"}],"curies":[{"name":"wp","href":"https:\/\/api.w.org\/{rel}","templated":true}]}}